{"id":3045,"date":"2021-10-02T22:34:54","date_gmt":"2021-10-02T22:34:54","guid":{"rendered":"https:\/\/myfriendsam.ca\/contact\/"},"modified":"2024-09-24T17:17:16","modified_gmt":"2024-09-24T17:17:16","slug":"contact","status":"publish","type":"page","link":"https:\/\/myfriendsam.ca\/fr\/contact\/","title":{"rendered":"Contact"},"content":{"rendered":"\t\t<div data-elementor-type=\"wp-page\" data-elementor-id=\"3045\" class=\"elementor elementor-3045 elementor-2131\" data-elementor-post-type=\"page\">\n\t\t\t\t\t\t<section class=\"elementor-section elementor-top-section elementor-element elementor-element-a762cb2 elementor-section-boxed elementor-section-height-default elementor-section-height-default\" data-id=\"a762cb2\" data-element_type=\"section\">\n\t\t\t\t\t\t<div class=\"elementor-container elementor-column-gap-extended\">\n\t\t\t\t\t<div class=\"elementor-column elementor-col-66 elementor-top-column elementor-element elementor-element-bf070b3\" data-id=\"bf070b3\" data-element_type=\"column\">\n\t\t\t<div class=\"elementor-widget-wrap elementor-element-populated\">\n\t\t\t\t\t\t<div class=\"elementor-element elementor-element-7e4dec6 elementor-widget elementor-widget-cws_heading\" data-id=\"7e4dec6\" data-element_type=\"widget\" data-widget_type=\"cws_heading.default\">\n\t\t\t\t<div class=\"elementor-widget-container\">\n\t\t\t\t\t<div class=\"cws-widget\"><div class=\"cws_widget_content\"><div class=\"widget-title\">Contactez-nous aujourd'hui<\/div><\/div><\/div>\t\t\t\t<\/div>\n\t\t\t\t<\/div>\n\t\t\t\t<div class=\"elementor-element elementor-element-073c4ab elementor-widget elementor-widget-text-editor\" data-id=\"073c4ab\" data-element_type=\"widget\" data-widget_type=\"text-editor.default\">\n\t\t\t\t<div class=\"elementor-widget-container\">\n\t\t\t\t\t\t\t\t\t<p>S\u2019il vous pla\u00eet laissez-nous un <strong>commentaire<\/strong>, <strong>partagez votre histoire<\/strong> avec nous ou <strong>prenez \u00a0rendez-vous<\/strong> afin que nous discutions des possibilit\u00e9s de la raconter, d\u2019illustrer nos futurs livres\u00a0 en se basant sur le v\u00e9cu de votre enfant \u00a0Soyez assur\u00e9s que nous assurerons votre confidentialit\u00e9.\u00a0 Nous appr\u00e9cieirons vos commentaires.<\/p>\t\t\t\t\t\t\t\t<\/div>\n\t\t\t\t<\/div>\n\t\t\t\t<div class=\"elementor-element elementor-element-e518de7 elementor-widget elementor-widget-cws_contact_form_7\" data-id=\"e518de7\" data-element_type=\"widget\" data-widget_type=\"cws_contact_form_7.default\">\n\t\t\t\t<div class=\"elementor-widget-container\">\n\t\t\t\t\t\n<div class=\"wpcf7 no-js\" id=\"wpcf7-f3050-o1\" lang=\"fr-FR\" dir=\"ltr\" data-wpcf7-id=\"3050\">\n<div class=\"screen-reader-response\"><p role=\"status\" aria-live=\"polite\" aria-atomic=\"true\"><\/p> <ul><\/ul><\/div>\n<form action=\"\/fr\/wp-json\/wp\/v2\/pages\/3045#wpcf7-f3050-o1\" method=\"post\" class=\"wpcf7-form init\" aria-label=\"Formulaire de contact\" novalidate=\"novalidate\" data-status=\"init\">\n<fieldset class=\"hidden-fields-container\"><input type=\"hidden\" name=\"_wpcf7\" value=\"3050\" \/><input type=\"hidden\" name=\"_wpcf7_version\" value=\"6.1.3\" \/><input type=\"hidden\" name=\"_wpcf7_locale\" value=\"fr_FR\" \/><input type=\"hidden\" name=\"_wpcf7_unit_tag\" value=\"wpcf7-f3050-o1\" \/><input type=\"hidden\" name=\"_wpcf7_container_post\" value=\"0\" \/><input type=\"hidden\" name=\"_wpcf7_posted_data_hash\" value=\"\" \/>\n<\/fieldset>\n<p><span class=\"wpcf7-form-control-wrap\" data-name=\"your-name\"><input size=\"49\" maxlength=\"400\" class=\"wpcf7-form-control wpcf7-text wpcf7-validates-as-required\" aria-required=\"true\" aria-invalid=\"false\" placeholder=\"Nom\" value=\"\" type=\"text\" name=\"your-name\" \/><\/span><span class=\"wpcf7-form-control-wrap\" data-name=\"your-email\"><input size=\"49\" maxlength=\"400\" class=\"wpcf7-form-control wpcf7-email wpcf7-validates-as-required wpcf7-text wpcf7-validates-as-email\" aria-required=\"true\" aria-invalid=\"false\" placeholder=\"Courriel\" value=\"\" type=\"email\" name=\"your-email\" \/><\/span><span class=\"wpcf7-form-control-wrap\" data-name=\"your-message\"><textarea cols=\"103\" rows=\"8\" maxlength=\"2000\" class=\"wpcf7-form-control wpcf7-textarea\" aria-invalid=\"false\" placeholder=\"Message\" name=\"your-message\"><\/textarea><\/span><input class=\"wpcf7-form-control wpcf7-submit has-spinner\" type=\"submit\" value=\"Envoyer\" \/>\n<\/p><div class=\"wpcf7-response-output\" aria-hidden=\"true\"><\/div>\n<\/form>\n<\/div>\n\t\t\t\t<\/div>\n\t\t\t\t<\/div>\n\t\t\t\t\t<\/div>\n\t\t<\/div>\n\t\t\t\t<div class=\"elementor-column elementor-col-33 elementor-top-column elementor-element elementor-element-f60fbbd\" data-id=\"f60fbbd\" data-element_type=\"column\">\n\t\t\t<div class=\"elementor-widget-wrap elementor-element-populated\">\n\t\t\t\t\t\t<div class=\"elementor-element elementor-element-35ef095 elementor-widget elementor-widget-cws_heading\" data-id=\"35ef095\" data-element_type=\"widget\" data-widget_type=\"cws_heading.default\">\n\t\t\t\t<div class=\"elementor-widget-container\">\n\t\t\t\t\t<div class=\"cws-widget\"><div class=\"cws_widget_content\"><div class=\"widget-title\">D\u00e9tails <\/div><\/div><\/div>\t\t\t\t<\/div>\n\t\t\t\t<\/div>\n\t\t\t\t<div class=\"elementor-element elementor-element-a783d9f elementor-widget elementor-widget-text-editor\" data-id=\"a783d9f\" data-element_type=\"widget\" data-widget_type=\"text-editor.default\">\n\t\t\t\t<div class=\"elementor-widget-container\">\n\t\t\t\t\t\t\t\t\t<p>Nous sommes toujours pr\u00eats \u00e0 \u00e9couter votre histoire.<\/p><p><strong>140 rue Butler<\/strong><\/p><p><strong>Moncton, N.-B.<\/strong><\/p><p><strong>T\u00e9l\u00e9phone: 506 856-0304<\/strong><\/p><p><strong>Courriel: sales@artbypatrick.ca<\/strong><\/p>\t\t\t\t\t\t\t\t<\/div>\n\t\t\t\t<\/div>\n\t\t\t\t<div class=\"elementor-element elementor-element-765b742 elementor-widget elementor-widget-image\" data-id=\"765b742\" data-element_type=\"widget\" data-widget_type=\"image.default\">\n\t\t\t\t<div class=\"elementor-widget-container\">\n\t\t\t\t\t\t\t\t\t\t\t\t\t\t\t<img fetchpriority=\"high\" decoding=\"async\" width=\"896\" height=\"336\" src=\"https:\/\/myfriendsam.ca\/wp-content\/uploads\/2024\/09\/twitter2018banner-1024x384.jpg\" class=\"attachment-large size-large wp-image-3008\" alt=\"\" srcset=\"https:\/\/myfriendsam.ca\/wp-content\/uploads\/2024\/09\/twitter2018banner-1024x384.jpg 1024w, https:\/\/myfriendsam.ca\/wp-content\/uploads\/2024\/09\/twitter2018banner-300x113.jpg 300w, https:\/\/myfriendsam.ca\/wp-content\/uploads\/2024\/09\/twitter2018banner-768x288.jpg 768w, https:\/\/myfriendsam.ca\/wp-content\/uploads\/2024\/09\/twitter2018banner.jpg 1200w\" sizes=\"(max-width: 896px) 100vw, 896px\" \/>\t\t\t\t\t\t\t\t\t\t\t\t\t\t\t<\/div>\n\t\t\t\t<\/div>\n\t\t\t\t\t<\/div>\n\t\t<\/div>\n\t\t\t\t\t<\/div>\n\t\t<\/section>\n\t\t\t\t<\/div>\n\t\t","protected":false},"excerpt":{"rendered":"<p>S\u2019il vous pla\u00eet laissez-nous un commentaire, partagez votre histoire avec nous ou prenez \u00a0rendez-vous afin que nous discutions des possibilit\u00e9s de la raconter, d\u2019illustrer nos futurs livres\u00a0 en se basant sur le v\u00e9cu de votre enfant \u00a0Soyez assur\u00e9s que nous assurerons votre confidentialit\u00e9.\u00a0 Nous appr\u00e9cieirons vos commentaires. Nous sommes toujours pr\u00eats \u00e0 \u00e9couter votre histoire. [&hellip;]<\/p>\n","protected":false},"author":1,"featured_media":0,"parent":0,"menu_order":0,"comment_status":"closed","ping_status":"closed","template":"","meta":{"footnotes":""},"class_list":["post-3045","page","type-page","status-publish","hentry"],"_links":{"self":[{"href":"https:\/\/myfriendsam.ca\/fr\/wp-json\/wp\/v2\/pages\/3045","targetHints":{"allow":["GET"]}}],"collection":[{"href":"https:\/\/myfriendsam.ca\/fr\/wp-json\/wp\/v2\/pages"}],"about":[{"href":"https:\/\/myfriendsam.ca\/fr\/wp-json\/wp\/v2\/types\/page"}],"author":[{"embeddable":true,"href":"https:\/\/myfriendsam.ca\/fr\/wp-json\/wp\/v2\/users\/1"}],"replies":[{"embeddable":true,"href":"https:\/\/myfriendsam.ca\/fr\/wp-json\/wp\/v2\/comments?post=3045"}],"version-history":[{"count":4,"href":"https:\/\/myfriendsam.ca\/fr\/wp-json\/wp\/v2\/pages\/3045\/revisions"}],"predecessor-version":[{"id":3049,"href":"https:\/\/myfriendsam.ca\/fr\/wp-json\/wp\/v2\/pages\/3045\/revisions\/3049"}],"wp:attachment":[{"href":"https:\/\/myfriendsam.ca\/fr\/wp-json\/wp\/v2\/media?parent=3045"}],"curies":[{"name":"wp","href":"https:\/\/api.w.org\/{rel}","templated":true}]}}