{"id":3052,"date":"2021-10-08T08:10:05","date_gmt":"2021-10-08T08:10:05","guid":{"rendered":"https:\/\/myfriendsam.ca\/book-series\/"},"modified":"2024-09-24T17:31:52","modified_gmt":"2024-09-24T17:31:52","slug":"serie-de-livres","status":"publish","type":"page","link":"https:\/\/myfriendsam.ca\/fr\/serie-de-livres\/","title":{"rendered":"S\u00e9rie de livres"},"content":{"rendered":"\t\t<div data-elementor-type=\"wp-page\" data-elementor-id=\"3052\" class=\"elementor elementor-3052 elementor-2527\" data-elementor-post-type=\"page\">\n\t\t\t\t\t\t<section class=\"elementor-section elementor-top-section elementor-element elementor-element-0d5b7d5 elementor-section-boxed elementor-section-height-default elementor-section-height-default\" data-id=\"0d5b7d5\" data-element_type=\"section\">\n\t\t\t\t\t\t<div class=\"elementor-container elementor-column-gap-default\">\n\t\t\t\t\t<div class=\"elementor-column elementor-col-100 elementor-top-column elementor-element elementor-element-19aee3a\" data-id=\"19aee3a\" data-element_type=\"column\">\n\t\t\t<div class=\"elementor-widget-wrap elementor-element-populated\">\n\t\t\t\t\t\t<div class=\"elementor-element elementor-element-4fc620d elementor-widget__width-inherit elementor-widget elementor-widget-cws_portfolio\" data-id=\"4fc620d\" data-element_type=\"widget\" data-widget_type=\"cws_portfolio.default\">\n\t\t\t\t<div class=\"elementor-widget-container\">\n\t\t\t\t\t<div class=\"cws-widget\"><div class=\"cws_widget_content\"><div class=\"recent_projects iso-four-column iso-column\"><h3 class=\"section-title\">Titres<\/h3><div class=\"grid isotope\"><div class=\"iso-item\"><div class=\"content-wrapper\"><figure><img src='https:\/\/myfriendsam.ca\/wp-content\/uploads\/bfi_thumb\/offcover-3ndgl518709j13klcvgc22.jpg' data-at2x='https:\/\/myfriendsam.ca\/wp-content\/uploads\/bfi_thumb\/offcover-3ndgl518709j13klcvgc22@2x.jpg' alt=\"\" \/><\/figure><\/div><div class=\"gallery-text\"><div class=\"title\">Mon ami Sam a une peur bleue!<\/div><p>Mon ami Sam : Affronter ses peurs Dans ce dernier tome de la s\u00e9rie Mon ami ...<\/p><\/div><div><a href=\"https:\/\/myfriendsam.ca\/fr\/portfolio\/mon-ami-sam-a-une-peur-bleue\/\" class=\"cws_button\">Lire plus<\/a><\/div><\/div><div class=\"iso-item\"><div class=\"content-wrapper\"><figure><img src='https:\/\/myfriendsam.ca\/wp-content\/uploads\/bfi_thumb\/coverff-3l7hqbst9lb0bdbqr93x8q.jpg' data-at2x='https:\/\/myfriendsam.ca\/wp-content\/uploads\/bfi_thumb\/coverff-3l7hqbst9lb0bdbqr93x8q@2x.jpg' alt=\"\" \/><\/figure><\/div><div class=\"gallery-text\"><div class=\"title\">Mon ami Sam visite sa famille<\/div><p>Sam se retrouvait souvent perplexe face \u00e0 l'humour, peinant \u00e0 comprendre <\/p><\/div><div><a href=\"https:\/\/myfriendsam.ca\/fr\/portfolio\/mon-ami-sam-visite-sa-famille\/\" class=\"cws_button\">Lire plus<\/a><\/div><\/div><div class=\"iso-item\"><div class=\"content-wrapper\"><figure><img src='https:\/\/myfriendsam.ca\/wp-content\/uploads\/bfi_thumb\/couverture-Sam-3l7hqexwawmpskzjdwqbd6.jpg' data-at2x='https:\/\/myfriendsam.ca\/wp-content\/uploads\/bfi_thumb\/couverture-Sam-3l7hqexwawmpskzjdwqbd6@2x.jpg' alt=\"\" \/><\/figure><\/div><div class=\"gallery-text\"><div class=\"title\">Mon ami Sam aime ses cheveux<\/div><p>Sam a \u00e9t\u00e9 confront\u00e9 \u00e0 un d\u00e9fi unique lorsqu'il s'agissait de laver et <\/p><\/div><div><a href=\"https:\/\/myfriendsam.ca\/fr\/portfolio\/mon-ami-sam-aime-ses-cheveux\/\" class=\"cws_button\">Lire plus<\/a><\/div><\/div><div class=\"iso-item\"><div class=\"content-wrapper\"><figure><img src='https:\/\/myfriendsam.ca\/wp-content\/uploads\/bfi_thumb\/cover12ang-3l7ari0jp2n6h1h39fokcq.jpg' data-at2x='https:\/\/myfriendsam.ca\/wp-content\/uploads\/bfi_thumb\/cover12ang-3l7ari0jp2n6h1h39fokcq@2x.jpg' alt=\"\" \/><\/figure><\/div><div class=\"gallery-text\"><div class=\"title\">Mon ami Sam rencontre le clown<\/div><p>Sam \u00e9tait ravi lorsqu'il a rencontr\u00e9 Jean-Pierre, un homme int\u00e9ressant <\/p><\/div><div><a href=\"https:\/\/myfriendsam.ca\/fr\/portfolio\/mon-ami-sam-rencontre-le-clown\/\" class=\"cws_button\">Lire plus<\/a><\/div><\/div><div class=\"iso-item\"><div class=\"content-wrapper\"><figure><img src='https:\/\/myfriendsam.ca\/wp-content\/uploads\/bfi_thumb\/mon-ami-Sam-Couverture-tresArts7x7-3l7htqfmj5isqpumopjvnu.jpg' data-at2x='https:\/\/myfriendsam.ca\/wp-content\/uploads\/bfi_thumb\/mon-ami-Sam-Couverture-tresArts7x7-3l7htqfmj5isqpumopjvnu@2x.jpg' alt=\"\" \/><\/figure><\/div><div class=\"gallery-text\"><div class=\"title\">Mon ami Sam et son histoire pr\u00e9f\u00e9r\u00e9e<\/div><p>Sam adorait raconter l'histoire hilarante du moment o\u00f9 il a <\/p><\/div><div><a href=\"https:\/\/myfriendsam.ca\/fr\/portfolio\/mon-ami-sam-et-son-histoire-preferee\/\" class=\"cws_button\">Lire plus<\/a><\/div><\/div><div class=\"iso-item\"><div class=\"content-wrapper\"><figure><img src='https:\/\/myfriendsam.ca\/wp-content\/uploads\/bfi_thumb\/mon-ami-Sam-Couverture-tresArts7x7-1-3l7htt2m7apr3qixrwfnd6.jpg' data-at2x='https:\/\/myfriendsam.ca\/wp-content\/uploads\/bfi_thumb\/mon-ami-Sam-Couverture-tresArts7x7-1-3l7htt2m7apr3qixrwfnd6@2x.jpg' alt=\"\" \/><\/figure><\/div><div class=\"gallery-text\"><div class=\"title\">Mon ami Sam et Jerry<\/div><p>Sam a \u00e9t\u00e9 surpris quand sa famille a d\u00e9cid\u00e9 d'adopter un chiot nomm\u00e9 Jerry.<\/p><\/div><div><a href=\"https:\/\/myfriendsam.ca\/fr\/portfolio\/mon-ami-sam-et-jerry\/\" class=\"cws_button\">Lire plus<\/a><\/div><\/div><div class=\"iso-item\"><div class=\"content-wrapper\"><figure><img src='https:\/\/myfriendsam.ca\/wp-content\/uploads\/bfi_thumb\/mon-ami-Sam-Couverture-tresArts7x7-2-3l7htvynk0z30uozmtoqa2.jpg' data-at2x='https:\/\/myfriendsam.ca\/wp-content\/uploads\/bfi_thumb\/mon-ami-Sam-Couverture-tresArts7x7-2-3l7htvynk0z30uozmtoqa2@2x.jpg' alt=\"\" \/><\/figure><\/div><div class=\"gallery-text\"><div class=\"title\">Mon ami Sam et le gros oeuf<\/div><p>Sam \u00e9tait \u00e0 la fois curieux et excit\u00e9 en arrivant au centre de th\u00e9rapie ...<\/p><\/div><div><a href=\"https:\/\/myfriendsam.ca\/fr\/portfolio\/mon-ami-sam-et-le-gros-oeuf\/\" class=\"cws_button\">Lire plus<\/a><\/div><\/div><div class=\"iso-item\"><div class=\"content-wrapper\"><figure><img src='https:\/\/myfriendsam.ca\/wp-content\/uploads\/bfi_thumb\/mon-ami-Sam-Couverture-tresArts7x7-3-3l7htyq62gp85x463vr5l6.jpg' data-at2x='https:\/\/myfriendsam.ca\/wp-content\/uploads\/bfi_thumb\/mon-ami-Sam-Couverture-tresArts7x7-3-3l7htyq62gp85x463vr5l6@2x.jpg' alt=\"\" \/><\/figure><\/div><div class=\"gallery-text\"><div class=\"title\">Mon ami Sam le lion<\/div><p>Sam avait toujours \u00e9t\u00e9 fascin\u00e9 par les lions embl\u00e9matiques du logo des <\/p><\/div><div><a href=\"https:\/\/myfriendsam.ca\/fr\/portfolio\/mon-ami-sam-le-lion\/\" class=\"cws_button\">Lire plus<\/a><\/div><\/div><div class=\"iso-item\"><div class=\"content-wrapper\"><figure><img src='https:\/\/myfriendsam.ca\/wp-content\/uploads\/bfi_thumb\/mon-ami-Sam-Couverture-tresArts7x7-4-3l7hu1hokwfdazjckxtkwa.jpg' data-at2x='https:\/\/myfriendsam.ca\/wp-content\/uploads\/bfi_thumb\/mon-ami-Sam-Couverture-tresArts7x7-4-3l7hu1hokwfdazjckxtkwa@2x.jpg' alt=\"\" \/><\/figure><\/div><div class=\"gallery-text\"><div class=\"title\">Mon ami Sam a le rhume<\/div><p>Sam avait toujours lutt\u00e9 contre une peur profond\u00e9ment ancr\u00e9e des <\/p><\/div><div><a href=\"https:\/\/myfriendsam.ca\/fr\/portfolio\/mon-ami-sam-a-le-rhume\/\" class=\"cws_button\">Lire plus<\/a><\/div><\/div><div class=\"iso-item\"><div class=\"content-wrapper\"><figure><img src='https:\/\/myfriendsam.ca\/wp-content\/uploads\/bfi_thumb\/mon-ami-Sam-Couverture-tresArts7x7-5-3l7hu4973c5ig1yj1zw07e.jpg' data-at2x='https:\/\/myfriendsam.ca\/wp-content\/uploads\/bfi_thumb\/mon-ami-Sam-Couverture-tresArts7x7-5-3l7hu4973c5ig1yj1zw07e@2x.jpg' alt=\"\" \/><\/figure><\/div><div class=\"gallery-text\"><div class=\"title\">Mon ami Sam rencontre Chantale<\/div><p>Sam ressentait un m\u00e9lange de curiosit\u00e9 et d'excitation en rencontrant <\/p><\/div><div><a href=\"https:\/\/myfriendsam.ca\/fr\/portfolio\/mon-ami-sam-rencontre-chantale\/\" class=\"cws_button\">Lire plus<\/a><\/div><\/div><div class=\"iso-item\"><div class=\"content-wrapper\"><figure><img src='https:\/\/myfriendsam.ca\/wp-content\/uploads\/bfi_thumb\/mon-ami-Sam-Couverture-tresArts7x7-6-3l7hu6w6rhcgt2mu56rrwq.jpg' data-at2x='https:\/\/myfriendsam.ca\/wp-content\/uploads\/bfi_thumb\/mon-ami-Sam-Couverture-tresArts7x7-6-3l7hu6w6rhcgt2mu56rrwq@2x.jpg' alt=\"\" \/><\/figure><\/div><div class=\"gallery-text\"><div class=\"title\">Mon ami Sam va au cin\u00e9ma<\/div><p>Sam \u00e9tait ravi d'assister \u00e0 une projection adapt\u00e9e aux sensibilit\u00e9s de <\/p><\/div><div><a href=\"https:\/\/myfriendsam.ca\/fr\/portfolio\/mon-ami-sam-va-au-cinema\/\" class=\"cws_button\">Lire plus<\/a><\/div><\/div><div class=\"iso-item\"><div class=\"content-wrapper\"><figure><img src='https:\/\/myfriendsam.ca\/wp-content\/uploads\/bfi_thumb\/mon-ami-Sam-Couverture-tresArts7x7-7-3l7hu9enlc08e1k9uigw0a.jpg' data-at2x='https:\/\/myfriendsam.ca\/wp-content\/uploads\/bfi_thumb\/mon-ami-Sam-Couverture-tresArts7x7-7-3l7hu9enlc08e1k9uigw0a@2x.jpg' alt=\"\" \/><\/figure><\/div><div class=\"gallery-text\"><div class=\"title\">Mon ami Sam va \u00e0 la ferme<\/div><p>Sam entra dans l'environnement serein du centre de th\u00e9rapie \u00e9quine, <\/p><\/div><div><a href=\"https:\/\/myfriendsam.ca\/fr\/portfolio\/mon-ami-sam-va-a-la-ferme\/\" class=\"cws_button\">Lire plus<\/a><\/div><\/div><div class=\"iso-item\"><div class=\"content-wrapper\"><figure><img src='https:\/\/myfriendsam.ca\/wp-content\/uploads\/bfi_thumb\/mon-ami-Sam-Couverture-3-tresArts-3l7hubslkw4t6yqu5yzci2.jpg' data-at2x='https:\/\/myfriendsam.ca\/wp-content\/uploads\/bfi_thumb\/mon-ami-Sam-Couverture-3-tresArts-3l7hubslkw4t6yqu5yzci2@2x.jpg' alt=\"\" \/><\/figure><\/div><div class=\"gallery-text\"><div class=\"title\">Mon ami Sam va \u00e0 l&rsquo;\u00e9cole<\/div><p>Sam \u00e9tait \u00e0 la fois excit\u00e9 et anxieux \u00e0 l'id\u00e9e de commencer une <\/p><\/div><div><a href=\"https:\/\/myfriendsam.ca\/fr\/portfolio\/mon-ami-sam-va-a-lecole\/\" class=\"cws_button\">Lire plus<\/a><\/div><\/div><div class=\"iso-item\"><div class=\"content-wrapper\"><figure><img src='https:\/\/myfriendsam.ca\/wp-content\/uploads\/bfi_thumb\/mon-ami-Sam-Couverture-tresArts7x7-8-3l7huefl91brjzf595v47e.jpg' data-at2x='https:\/\/myfriendsam.ca\/wp-content\/uploads\/bfi_thumb\/mon-ami-Sam-Couverture-tresArts7x7-8-3l7huefl91brjzf595v47e@2x.jpg' alt=\"\" \/><\/figure><\/div><div class=\"gallery-text\"><div class=\"title\">Mon ami Sam joue avec Damian<\/div><p>Sam et Damian partageaient un lien sp\u00e9cial, un lien qui n'avait besoin <\/p><\/div><div><a href=\"https:\/\/myfriendsam.ca\/fr\/portfolio\/mon-ami-sam-joue-avec-damian\/\" class=\"cws_button\">Lire plus<\/a><\/div><\/div><div class=\"iso-item\"><div class=\"content-wrapper\"><figure><img src='https:\/\/myfriendsam.ca\/wp-content\/uploads\/bfi_thumb\/mon-ami-Sam-Couverture-tresArts7x7-9-3l7huhtpyxpulakonjutje.jpg' data-at2x='https:\/\/myfriendsam.ca\/wp-content\/uploads\/bfi_thumb\/mon-ami-Sam-Couverture-tresArts7x7-9-3l7huhtpyxpulakonjutje@2x.jpg' alt=\"\" \/><\/figure><\/div><div class=\"gallery-text\"><div class=\"title\">Mon ami Sam<\/div><p>Dans ce livre, Sam a des probl\u00e8mes avec les textures des aliments et des <\/p><\/div><div><a href=\"https:\/\/myfriendsam.ca\/fr\/portfolio\/mon-ami-sam\/\" class=\"cws_button\">Lire plus<\/a><\/div><\/div><\/div><!--\/ .projects-carousel --><\/div><!--\/ .work-carousel--><\/div><\/div>\t\t\t\t<\/div>\n\t\t\t\t<\/div>\n\t\t\t\t\t<\/div>\n\t\t<\/div>\n\t\t\t\t\t<\/div>\n\t\t<\/section>\n\t\t\t\t<\/div>\n\t\t","protected":false},"excerpt":{"rendered":"","protected":false},"author":1,"featured_media":0,"parent":0,"menu_order":0,"comment_status":"closed","ping_status":"closed","template":"","meta":{"footnotes":""},"class_list":["post-3052","page","type-page","status-publish","hentry"],"_links":{"self":[{"href":"https:\/\/myfriendsam.ca\/fr\/wp-json\/wp\/v2\/pages\/3052","targetHints":{"allow":["GET"]}}],"collection":[{"href":"https:\/\/myfriendsam.ca\/fr\/wp-json\/wp\/v2\/pages"}],"about":[{"href":"https:\/\/myfriendsam.ca\/fr\/wp-json\/wp\/v2\/types\/page"}],"author":[{"embeddable":true,"href":"https:\/\/myfriendsam.ca\/fr\/wp-json\/wp\/v2\/users\/1"}],"replies":[{"embeddable":true,"href":"https:\/\/myfriendsam.ca\/fr\/wp-json\/wp\/v2\/comments?post=3052"}],"version-history":[{"count":7,"href":"https:\/\/myfriendsam.ca\/fr\/wp-json\/wp\/v2\/pages\/3052\/revisions"}],"predecessor-version":[{"id":3060,"href":"https:\/\/myfriendsam.ca\/fr\/wp-json\/wp\/v2\/pages\/3052\/revisions\/3060"}],"wp:attachment":[{"href":"https:\/\/myfriendsam.ca\/fr\/wp-json\/wp\/v2\/media?parent=3052"}],"curies":[{"name":"wp","href":"https:\/\/api.w.org\/{rel}","templated":true}]}}